{"id":9,"date":"2016-11-25T18:46:04","date_gmt":"2016-11-25T17:46:04","guid":{"rendered":"http:\/\/localhost\/?page_id=9"},"modified":"2023-07-07T15:04:21","modified_gmt":"2023-07-07T13:04:21","slug":"unterstuetzung","status":"publish","type":"page","link":"https:\/\/immobilienl\u00f6sung.ch\/index.php\/unterstuetzung\/","title":{"rendered":"ImmoNext App"},"content":{"rendered":"<div id='layer_slider_1'  class='avia-layerslider main_color avia-shadow  avia-builder-el-0  el_before_av_one_fourth  avia-builder-el-first  container_wrap fullsize'  style='height: 131px; max-width: 1280px; margin: 0 auto;'  ><\/div><div id='after_layer_slider_1'  class='main_color av_default_container_wrap container_wrap fullsize'  ><div class='container av-section-cont-open' ><div class='template-page content  av-content-full alpha units'><div class='post-entry post-entry-type-page post-entry-9'><div class='entry-content-wrapper clearfix'>\n<div class='flex_column av-5sct-acb817a96a1051c6986583a545abc075 av_one_fourth  avia-builder-el-1  el_after_av_layerslider  el_before_av_one_half  avia-builder-el-first  first flex_column_div '     ><\/div>\n<div class='flex_column av-676f-f15cdf72df43b6b111e05e49027b7610 av_one_half  avia-builder-el-2  el_after_av_one_fourth  el_before_av_one_fourth  flex_column_div '     ><div  class='avia-button-wrap av-lhhidjh5-0d6d3e94af148360c4cea439eba0a7e5-wrap avia-button-center  avia-builder-el-3  avia-builder-el-no-sibling '>\n<style type=\"text\/css\" data-created_by=\"avia_inline_auto\" id=\"style-css-av-lhhidjh5-0d6d3e94af148360c4cea439eba0a7e5\">\n#top #wrap_all .avia-button.av-lhhidjh5-0d6d3e94af148360c4cea439eba0a7e5{\nfont-size:20px;\n-webkit-transition:all 0.4s ease-in-out;\n-moz-transition:all 0.4s ease-in-out;\n-ms-transition:all 0.4s ease-in-out;\n-o-transition:all 0.4s ease-in-out;\ntransition:all 0.4s ease-in-out;\n}\n<\/style>\n<a href=''  class='avia-button av-lhhidjh5-0d6d3e94af148360c4cea439eba0a7e5 avia-icon_select-no avia-size-x-large avia-position-center avia-color-theme-color'  ><span class='avia_iconbox_title' >ImmoNext App - demn\u00e4chst im Azure Marketplace verf\u00fcgbar!<\/span><\/a><\/div><\/div>\n<div class='flex_column av-ef5-4a201466bd175f1570446af19affbf5d av_one_fourth  avia-builder-el-4  el_after_av_one_half  el_before_av_one_full  flex_column_div '     ><\/div>\n<div class='flex_column av-2sil-cf325d64ee1a85c61cfdfefaf45fa936 av_one_full  avia-builder-el-5  el_after_av_one_fourth  el_before_av_one_full  first flex_column_div column-top-margin'     ><section  class='av_textblock_section av-lhhiiv8n-52be695e421e39db77ded231de9e528f'  itemscope=\"itemscope\" itemtype=\"https:\/\/schema.org\/CreativeWork\" ><div class='avia_textblock'  itemprop=\"text\" ><p style=\"text-align: justify;\">Wenn Sie ImmoNext nutzen, sei es\u00a0an Ihrem Arbeitsplatz, zu Hause oder mobil, so greifen Sie in der Regel auf Daten an Ihrem Hauptsitz zu. Die L\u00f6sung als Ganzes trennt Daten und Applikation, erstere liegen auf Ihrem Server und letztere steht Ihnen als Anwendung oder App clientseitig zur Verf\u00fcgung. Es gibt gute Gr\u00fcnde, dass dem auch k\u00fcnftig so bleibt.<\/p>\n<p style=\"text-align: justify;\">Das Aufkommen moderner Speichervarianten, neue Techniken zur Ausf\u00fchrung von Applikationen sowie eine schnellere und stabilere Anbindung an das Internet erlauben einen weiteren Zugang zu Daten und Anwendung. Dieser neue Ansatz schafft gleichzeitig neue Lizenzierungsarten, Schulungstechniken und Supportvarianten.<\/p>\n<\/div><\/section><\/div>\n<div class='flex_column av-33j9-0a714200ab23434de2030609ce5ef623 av_one_full  avia-builder-el-7  el_after_av_one_full  el_before_av_hr  first flex_column_div column-top-margin'     ><style type=\"text\/css\" data-created_by=\"avia_inline_auto\" id=\"style-css-av-lgz19iwf-709a3fccfe5552b279612f96966a9c8c\">\n#top .togglecontainer.av-lgz19iwf-709a3fccfe5552b279612f96966a9c8c p.toggler.activeTitle{\ncolor:#6786a1;\nborder-color:#6786a1;\n}\n<\/style>\n<div  class='togglecontainer av-lgz19iwf-709a3fccfe5552b279612f96966a9c8c av-elegant-toggle  avia-builder-el-8  avia-builder-el-no-sibling  hasCurrentStyle' >\n<section class='av_toggle_section av-lgz17dqz-2-ef7700a038498ecb765821af6d23f051'  itemscope=\"itemscope\" itemtype=\"https:\/\/schema.org\/CreativeWork\" ><div role=\"tablist\" class=\"single_toggle\" data-tags=\"{Alle} \"  ><p data-fake-id='#toggle-id-1' class='toggler   '  itemprop=\"headline\"  role='tab' tabindex='0' aria-controls='toggle-id-1'>ImmoNext App bedeutet<span class=\"toggle_icon\"><span class=\"vert_icon\"><\/span><span class=\"hor_icon\"><\/span><\/span><\/p><div id='toggle-id-1' class='toggle_wrap  '  ><div class='toggle_content invers-color '  itemprop=\"text\" ><ul>\n<li>F\u00fcr jede Gr\u00f6sse einsetzbar und jederzeit skalierbar<\/li>\n<li>Von \u00fcberall her bedien- und nutzbar<\/li>\n<li>Modular, Ihren Bed\u00fcrfnissen und Ihrem Budget angepasst<\/li>\n<li>Jederzeit in seiner Funktionalit\u00e4t anpassbar (weitere Module, weitere oder andere Mitarbeiter)<\/li>\n<li>Online bestellbar und\u00a0konfigurierbar<\/li>\n<li>Keine Wartungsfenster \u2013 ImmoNext ist immer auf dem aktuellsten Stand!<\/li>\n<li>Auf allen g\u00e4ngigen Devices verf\u00fcgbar<\/li>\n<li>H\u00f6chste Verf\u00fcgbarkeit dank Anbindung an Microsoft Azure<\/li>\n<li>Up to date &#8211; technisch, applikatorisch und branchenspezifisch<\/li>\n<li>Ab Bestellung einsatzbereit, keine Installation vor Ort notwendig<\/li>\n<li>Optionale Musterdaten erleichtern den Einstieg, per Klick ausblendbar<\/li>\n<li>Online-Videotrainings und Online-Dokumente stehen Red und Antwort<\/li>\n<li>Schulungsdaten f\u00fcr eine gef\u00fchrte Einf\u00fchrung finden periodisch und monatlich statt<\/li>\n<li>Jederzeit k\u00fcndbar<\/li>\n<\/ul>\n<\/div><\/div><\/div><\/section>\n<section class='av_toggle_section av-lgz17dqz-2-3-acb5348d7b194cac5425b17c8a31a0ee'  itemscope=\"itemscope\" itemtype=\"https:\/\/schema.org\/CreativeWork\" ><div role=\"tablist\" class=\"single_toggle\" data-tags=\"{Alle} \"  ><p data-fake-id='#toggle-id-2' class='toggler   '  itemprop=\"headline\"  role='tab' tabindex='0' aria-controls='toggle-id-2'>F\u00fcr wen ist die L\u00f6sung geeignet?<span class=\"toggle_icon\"><span class=\"vert_icon\"><\/span><span class=\"hor_icon\"><\/span><\/span><\/p><div id='toggle-id-2' class='toggle_wrap  '  ><div class='toggle_content invers-color '  itemprop=\"text\" ><p>Die ImmoNext App empfiehlt sich in erster Linie f\u00fcr alle, die klein beginnen oder klein beginnen wollen. Starten Sie mit der Immobilienverwaltung und verwalten Sie grundlegend Ihre Objekte. Nimmt sich Ihre Verwaltung komplexeren Objekten an und stellen sich dadurch neue Anforderungen an Ihre Softwarel\u00f6sung, dann abonnieren Sie die ben\u00f6tigen Module einfach kurzerhand dazu und konfigurieren Sie die zum Betrieb notwendigen Parameter.<\/p>\n<\/div><\/div><\/div><\/section>\n<section class='av_toggle_section av-lgz17dqz-2-3-3-290bbb8c7e2d94cbdf5fcae6b94382b5'  itemscope=\"itemscope\" itemtype=\"https:\/\/schema.org\/CreativeWork\" ><div role=\"tablist\" class=\"single_toggle\" data-tags=\"{Alle} \"  ><p data-fake-id='#toggle-id-3' class='toggler   '  itemprop=\"headline\"  role='tab' tabindex='0' aria-controls='toggle-id-3'>Wie komme ich zur L\u00f6sung?<span class=\"toggle_icon\"><span class=\"vert_icon\"><\/span><span class=\"hor_icon\"><\/span><\/span><\/p><div id='toggle-id-3' class='toggle_wrap  '  ><div class='toggle_content invers-color '  itemprop=\"text\" ><p>Mit unserer ImmoNext App k\u00f6nnen Sie unsere Immobilienl\u00f6sung k\u00fcnftig so lizenzieren und nutzen, wie Sie sie gerade ben\u00f6tigen. Die ImmoNext App ist im Azure Marketplace zu finden. Der Azure Marketplace konzentriert sich speziell auf Cloudl\u00f6sungen, die auf der Azure-Plattform laufen. Sie profitieren von einer 30-t\u00e4gigen kostenlosen Testversion, ohne das Produkt herunterladen, einrichten und konfigurieren zu m\u00fcssen.<\/p>\n<p>W\u00e4hrend diesem Zeitraum steht Ihnen die Anwendung zum Testen zur Verf\u00fcgung. Nutzen Sie die Chance, unsere L\u00f6sung ausgiebig zu testen und stellen Sie sicher, dass sie Ihren Anforderungen entspricht. So k\u00f6nnen Sie festlegen, was Sie f\u00fcr Ihre Verwaltung brauchen und welche Module und Anzahl Lizenzen f\u00fcr Sie in Frage kommen. In der Testversion k\u00f6nnen Sie Musterdaten hinzuf\u00fcgen, wenn Sie mit einem Beispiel-Datenbestand beginnen wollen.<\/p>\n<p>Nach Ablauf der Testversion stehen wir Ihne gerne zur Verf\u00fcgung, um alle erforderlichen Schritte zu einem sauberen und professionellen \u00dcbergang zur kostenpflichtigen Version zu besprechen.\u00a0Sie erhalten Zugang zu umfangreichem Schulungsmaterial und Video-Tutorials sowie periodisch stattfindenden Einf\u00fchrungskolloquien. Wann immer Sie weitere Module ben\u00f6tigen oder weiteren Mitarbeitern den Zugang erm\u00f6glichen wollen, rufen Sie den Online-Konfigurator erneut auf und passen Ihre Einstellungen entsprechend an.<\/p>\n<\/div><\/div><\/div><\/section>\n<\/div><\/div>\n<style type=\"text\/css\" data-created_by=\"avia_inline_auto\" id=\"style-css-av-lg0r0onc-c5ba4efc5fcc1e13cd8be696537f5baa\">\n#top .hr.hr-invisible.av-lg0r0onc-c5ba4efc5fcc1e13cd8be696537f5baa{\nheight:50px;\n}\n<\/style>\n<div  class='hr av-lg0r0onc-c5ba4efc5fcc1e13cd8be696537f5baa hr-invisible  avia-builder-el-9  el_after_av_one_full  avia-builder-el-last '><span class='hr-inner '><span class=\"hr-inner-style\"><\/span><\/span><\/div><\/p>\n","protected":false},"excerpt":{"rendered":"","protected":false},"author":2,"featured_media":0,"parent":0,"menu_order":0,"comment_status":"closed","ping_status":"closed","template":"","meta":{"footnotes":"","_links_to":"","_links_to_target":""},"yoast_head":"<!-- This site is optimized with the Yoast SEO plugin v22.2 - https:\/\/yoast.com\/wordpress\/plugins\/seo\/ -->\n<title>ImmoNext App - ImmoNext<\/title>\n<meta name=\"robots\" content=\"index, follow, max-snippet:-1, max-image-preview:large, max-video-preview:-1\" \/>\n<link rel=\"canonical\" href=\"https:\/\/immobilienl\u00f6sung.ch\/index.php\/unterstuetzung\/\" \/>\n<meta property=\"og:locale\" content=\"de_DE\" \/>\n<meta property=\"og:type\" content=\"article\" \/>\n<meta property=\"og:title\" content=\"ImmoNext App - ImmoNext\" \/>\n<meta property=\"og:url\" content=\"https:\/\/immobilienl\u00f6sung.ch\/index.php\/unterstuetzung\/\" \/>\n<meta property=\"og:site_name\" content=\"ImmoNext\" \/>\n<meta property=\"article:modified_time\" content=\"2023-07-07T13:04:21+00:00\" \/>\n<meta name=\"twitter:card\" content=\"summary_large_image\" \/>\n<meta name=\"twitter:label1\" content=\"Gesch\u00e4tzte Lesezeit\" \/>\n\t<meta name=\"twitter:data1\" content=\"7 Minuten\" \/>\n<script type=\"application\/ld+json\" class=\"yoast-schema-graph\">{\"@context\":\"https:\/\/schema.org\",\"@graph\":[{\"@type\":\"WebPage\",\"@id\":\"https:\/\/immobilienl\u00f6sung.ch\/index.php\/unterstuetzung\/\",\"url\":\"https:\/\/immobilienl\u00f6sung.ch\/index.php\/unterstuetzung\/\",\"name\":\"ImmoNext App - ImmoNext\",\"isPartOf\":{\"@id\":\"https:\/\/immobilienl\u00f6sung.ch\/index.php\/#website\"},\"datePublished\":\"2016-11-25T17:46:04+00:00\",\"dateModified\":\"2023-07-07T13:04:21+00:00\",\"breadcrumb\":{\"@id\":\"https:\/\/immobilienl\u00f6sung.ch\/index.php\/unterstuetzung\/#breadcrumb\"},\"inLanguage\":\"de-CH\",\"potentialAction\":[{\"@type\":\"ReadAction\",\"target\":[\"https:\/\/immobilienl\u00f6sung.ch\/index.php\/unterstuetzung\/\"]}]},{\"@type\":\"BreadcrumbList\",\"@id\":\"https:\/\/immobilienl\u00f6sung.ch\/index.php\/unterstuetzung\/#breadcrumb\",\"itemListElement\":[{\"@type\":\"ListItem\",\"position\":1,\"name\":\"Home\",\"item\":\"https:\/\/immobilienl\u00f6sung.ch\/index.php\/\"},{\"@type\":\"ListItem\",\"position\":2,\"name\":\"ImmoNext App\"}]},{\"@type\":\"WebSite\",\"@id\":\"https:\/\/immobilienl\u00f6sung.ch\/index.php\/#website\",\"url\":\"https:\/\/immobilienl\u00f6sung.ch\/index.php\/\",\"name\":\"ImmoNext\",\"description\":\"software for real-estate\",\"potentialAction\":[{\"@type\":\"SearchAction\",\"target\":{\"@type\":\"EntryPoint\",\"urlTemplate\":\"https:\/\/immobilienl\u00f6sung.ch\/index.php\/?s={search_term_string}\"},\"query-input\":\"required name=search_term_string\"}],\"inLanguage\":\"de-CH\"}]}<\/script>\n<!-- \/ Yoast SEO plugin. -->","yoast_head_json":{"title":"ImmoNext App - ImmoNext","robots":{"index":"index","follow":"follow","max-snippet":"max-snippet:-1","max-image-preview":"max-image-preview:large","max-video-preview":"max-video-preview:-1"},"canonical":"https:\/\/immobilienl\u00f6sung.ch\/index.php\/unterstuetzung\/","og_locale":"de_DE","og_type":"article","og_title":"ImmoNext App - ImmoNext","og_url":"https:\/\/immobilienl\u00f6sung.ch\/index.php\/unterstuetzung\/","og_site_name":"ImmoNext","article_modified_time":"2023-07-07T13:04:21+00:00","twitter_card":"summary_large_image","twitter_misc":{"Gesch\u00e4tzte Lesezeit":"7 Minuten"},"schema":{"@context":"https:\/\/schema.org","@graph":[{"@type":"WebPage","@id":"https:\/\/immobilienl\u00f6sung.ch\/index.php\/unterstuetzung\/","url":"https:\/\/immobilienl\u00f6sung.ch\/index.php\/unterstuetzung\/","name":"ImmoNext App - ImmoNext","isPartOf":{"@id":"https:\/\/immobilienl\u00f6sung.ch\/index.php\/#website"},"datePublished":"2016-11-25T17:46:04+00:00","dateModified":"2023-07-07T13:04:21+00:00","breadcrumb":{"@id":"https:\/\/immobilienl\u00f6sung.ch\/index.php\/unterstuetzung\/#breadcrumb"},"inLanguage":"de-CH","potentialAction":[{"@type":"ReadAction","target":["https:\/\/immobilienl\u00f6sung.ch\/index.php\/unterstuetzung\/"]}]},{"@type":"BreadcrumbList","@id":"https:\/\/immobilienl\u00f6sung.ch\/index.php\/unterstuetzung\/#breadcrumb","itemListElement":[{"@type":"ListItem","position":1,"name":"Home","item":"https:\/\/immobilienl\u00f6sung.ch\/index.php\/"},{"@type":"ListItem","position":2,"name":"ImmoNext App"}]},{"@type":"WebSite","@id":"https:\/\/immobilienl\u00f6sung.ch\/index.php\/#website","url":"https:\/\/immobilienl\u00f6sung.ch\/index.php\/","name":"ImmoNext","description":"software for real-estate","potentialAction":[{"@type":"SearchAction","target":{"@type":"EntryPoint","urlTemplate":"https:\/\/immobilienl\u00f6sung.ch\/index.php\/?s={search_term_string}"},"query-input":"required name=search_term_string"}],"inLanguage":"de-CH"}]}},"_links":{"self":[{"href":"https:\/\/immobilienl\u00f6sung.ch\/index.php\/wp-json\/wp\/v2\/pages\/9"}],"collection":[{"href":"https:\/\/immobilienl\u00f6sung.ch\/index.php\/wp-json\/wp\/v2\/pages"}],"about":[{"href":"https:\/\/immobilienl\u00f6sung.ch\/index.php\/wp-json\/wp\/v2\/types\/page"}],"author":[{"embeddable":true,"href":"https:\/\/immobilienl\u00f6sung.ch\/index.php\/wp-json\/wp\/v2\/users\/2"}],"replies":[{"embeddable":true,"href":"https:\/\/immobilienl\u00f6sung.ch\/index.php\/wp-json\/wp\/v2\/comments?post=9"}],"version-history":[{"count":43,"href":"https:\/\/immobilienl\u00f6sung.ch\/index.php\/wp-json\/wp\/v2\/pages\/9\/revisions"}],"predecessor-version":[{"id":7236,"href":"https:\/\/immobilienl\u00f6sung.ch\/index.php\/wp-json\/wp\/v2\/pages\/9\/revisions\/7236"}],"wp:attachment":[{"href":"https:\/\/immobilienl\u00f6sung.ch\/index.php\/wp-json\/wp\/v2\/media?parent=9"}],"curies":[{"name":"wp","href":"https:\/\/api.w.org\/{rel}","templated":true}]}}