{"id":7173,"date":"2023-05-10T10:45:36","date_gmt":"2023-05-10T08:45:36","guid":{"rendered":"http:\/\/immobilienl\u00f6sung.ch\/index.php\/?page_id=7173"},"modified":"2023-07-07T13:54:23","modified_gmt":"2023-07-07T11:54:23","slug":"rollencenter","status":"publish","type":"page","link":"https:\/\/immobilienl\u00f6sung.ch\/index.php\/rollencenter\/","title":{"rendered":"Rollencenter"},"content":{"rendered":"<div id='layer_slider_1'  class='avia-layerslider main_color avia-shadow  avia-builder-el-0  el_before_av_section  avia-builder-el-first  container_wrap fullsize'  style='height: 131px; max-width: 1280px; margin: 0 auto;'  ><\/div>\n\n<style type=\"text\/css\" data-created_by=\"avia_inline_auto\" id=\"style-css-av-grnj5r-b90d208456df9806bf9e95cf7dc32caa\">\n.avia-section.av-grnj5r-b90d208456df9806bf9e95cf7dc32caa{\nbackground-color:#efefef;\nbackground-image:unset;\n}\n<\/style>\n<div id='av_section_1'  class='avia-section av-grnj5r-b90d208456df9806bf9e95cf7dc32caa main_color avia-section-default avia-no-border-styling  avia-builder-el-1  el_after_av_layerslider  el_before_av_one_full  avia-bg-style-scroll container_wrap fullsize'  ><div class='container av-section-cont-open' ><div class='template-page content  av-content-full alpha units'><div class='post-entry post-entry-type-page post-entry-7173'><div class='entry-content-wrapper clearfix'>\n\n<style type=\"text\/css\" data-created_by=\"avia_inline_auto\" id=\"style-css-av-g0po1b-5987a667b941be9cf5c265a3e5b6685a\">\n#top .av-special-heading.av-g0po1b-5987a667b941be9cf5c265a3e5b6685a{\npadding-bottom:10px;\n}\nbody .av-special-heading.av-g0po1b-5987a667b941be9cf5c265a3e5b6685a .av-special-heading-tag .heading-char{\nfont-size:25px;\n}\n.av-special-heading.av-g0po1b-5987a667b941be9cf5c265a3e5b6685a .av-subheading{\nfont-size:15px;\n}\n<\/style>\n<div  class='av-special-heading av-g0po1b-5987a667b941be9cf5c265a3e5b6685a av-special-heading-h1 blockquote modern-quote modern-centered  avia-builder-el-2  el_before_av_textblock  avia-builder-el-first '><h1 class='av-special-heading-tag'  itemprop=\"headline\"  >Das Rollencenter<\/h1><div class=\"special-heading-border\"><div class=\"special-heading-inner-border\"><\/div><\/div><\/div>\n<section  class='av_textblock_section av-dqrzrj-274c9dfb4969b24127476efcb6e448f1'  itemscope=\"itemscope\" itemtype=\"https:\/\/schema.org\/CreativeWork\" ><div class='avia_textblock'  itemprop=\"text\" ><p style=\"text-align: center;\"><strong>Benutzerfreundlichkeit ist der Schl\u00fcssel f\u00fcr einen erfolgreichen, produktiven Einsatz einer Software<\/strong><\/p>\n<\/div><\/section>\n\n<style type=\"text\/css\" data-created_by=\"avia_inline_auto\" id=\"style-css-av-1vmkf9-9588c915202f55a60ff5b7b0fd66027a\">\n#top .hr.hr-invisible.av-1vmkf9-9588c915202f55a60ff5b7b0fd66027a{\nheight:5px;\n}\n<\/style>\n<div  class='hr av-1vmkf9-9588c915202f55a60ff5b7b0fd66027a hr-invisible  avia-builder-el-4  el_after_av_textblock  avia-builder-el-last '><span class='hr-inner '><span class=\"hr-inner-style\"><\/span><\/span><\/div>\n<\/div><\/div><\/div><!-- close content main div --><\/div><\/div><div id='after_section_1'  class='main_color av_default_container_wrap container_wrap fullsize'  ><div class='container av-section-cont-open' ><div class='template-page content  av-content-full alpha units'><div class='post-entry post-entry-type-page post-entry-7173'><div class='entry-content-wrapper clearfix'>\n<div class='flex_column av-21cixb-bbd76d29104f03e9f14631d3361ed3bd av_one_full  avia-builder-el-5  el_after_av_section  el_before_av_hr  avia-builder-el-first  first flex_column_div '     ><style type=\"text\/css\" data-created_by=\"avia_inline_auto\" id=\"style-css-av-lg0nf563-280ca2a8da667811463750df34f421fc\">\n#top .togglecontainer.av-lg0nf563-280ca2a8da667811463750df34f421fc p.toggler.activeTitle{\ncolor:#6786a1;\nborder-color:#6786a1;\n}\n<\/style>\n<div  class='togglecontainer av-lg0nf563-280ca2a8da667811463750df34f421fc av-elegant-toggle  avia-builder-el-6  avia-builder-el-no-sibling  hasCurrentStyle' >\n<section class='av_toggle_section av-lg0nd7bk-2fe5de4e85871c22bd03cba51b53f98c'  itemscope=\"itemscope\" itemtype=\"https:\/\/schema.org\/CreativeWork\" ><div role=\"tablist\" class=\"single_toggle\" data-tags=\"{Alle} \"  ><p data-fake-id='#toggle-id-1' class='toggler   '  itemprop=\"headline\"  role='tab' tabindex='0' aria-controls='toggle-id-1'>Was ist das Rollencenter?<span class=\"toggle_icon\"><span class=\"vert_icon\"><\/span><span class=\"hor_icon\"><\/span><\/span><\/p><div id='toggle-id-1' class='toggle_wrap  '  ><div class='toggle_content invers-color '  itemprop=\"text\" ><p>Das Rollencenter ist der Startbildschirm von ImmoNext und Ihr pers\u00f6nliches Dashboard. Es ist auf die Anforderungen verschiedener Benutzerrollen innerhalb Ihrer Unternehmung zugeschnitten und kann individuell angepasst werden.<\/p>\n<p>Je nach Rolle der Anwenderin oder dem Anwender werden die Daten und Funktionen eingeblendet, die f\u00fcr die t\u00e4gliche Arbeit ben\u00f6tigt werden. Es ist \u00fcbersichtlich und einfach zu bedienen. Die AnwenderInnen k\u00f6nnen zus\u00e4tzlich das Rollencenter\u00a0auf ihre spezifischen Bed\u00fcrfnisse anpassen.<\/p>\n<p>ImmoNext bietet verschiedene vordefinierte Rollencenter f\u00fcr die Bereiche Mietverwaltung und Stockwerkeigentum.<\/p>\n<\/div><\/div><\/div><\/section>\n<section class='av_toggle_section av-lg0ne7au-040112a7e1cf27e2553fdb4c34cb7b55'  itemscope=\"itemscope\" itemtype=\"https:\/\/schema.org\/CreativeWork\" ><div role=\"tablist\" class=\"single_toggle\" data-tags=\"{Alle} \"  ><p data-fake-id='#toggle-id-2' class='toggler   '  itemprop=\"headline\"  role='tab' tabindex='0' aria-controls='toggle-id-2'>Welche Vorteile liefert das Rollencenter?<span class=\"toggle_icon\"><span class=\"vert_icon\"><\/span><span class=\"hor_icon\"><\/span><\/span><\/p><div id='toggle-id-2' class='toggle_wrap  '  ><div class='toggle_content invers-color '  itemprop=\"text\" ><ul>\n<li>Individuelle und \u00fcbersichtliche Benutzeroberfl\u00e4che f\u00fcr eine einfache Bedienung<\/li>\n<li>Alle relevanten Informationen, Daten und Dokumente sind auf einen Blick ersichtlich und schnell zug\u00e4nglich<\/li>\n<li>Das Rollencenter kann f\u00fcr jeden Mitarbeitenden individuell abgestimmt und auf die T\u00e4tigkeiten zugeschnitten werden<\/li>\n<li>Durch die intuitive Bedienung wird der Schulungsaufwand minimiert und die Benutzerakzeptanz und -Effizienz optimiert<\/li>\n<\/ul>\n<\/div><\/div><\/div><\/section>\n<\/div><\/div>\n<style type=\"text\/css\" data-created_by=\"avia_inline_auto\" id=\"style-css-av-22a6cf-5caef114065ef6a529f4aff8432550f3\">\n#top .hr.hr-invisible.av-22a6cf-5caef114065ef6a529f4aff8432550f3{\nheight:50px;\n}\n<\/style>\n<div  class='hr av-22a6cf-5caef114065ef6a529f4aff8432550f3 hr-invisible  avia-builder-el-7  el_after_av_one_full  avia-builder-el-last '><span class='hr-inner '><span class=\"hr-inner-style\"><\/span><\/span><\/div><\/p>\n","protected":false},"excerpt":{"rendered":"","protected":false},"author":2,"featured_media":0,"parent":0,"menu_order":0,"comment_status":"closed","ping_status":"closed","template":"","meta":{"footnotes":"","_links_to":"","_links_to_target":""},"yoast_head":"<!-- This site is optimized with the Yoast SEO plugin v22.2 - https:\/\/yoast.com\/wordpress\/plugins\/seo\/ -->\n<title>Rollencenter - ImmoNext<\/title>\n<meta name=\"description\" content=\"Das nach\u00adste\u00adhen\u00adde Portrait beleuch\u00adtet eini\u00adge der wich\u00adtigs\u00adten Facet\u00adten der Softwarel\u00f6sung ImmoNext.\" \/>\n<meta name=\"robots\" content=\"index, follow, max-snippet:-1, max-image-preview:large, max-video-preview:-1\" \/>\n<link rel=\"canonical\" href=\"https:\/\/immobilienl\u00f6sung.ch\/index.php\/rollencenter\/\" \/>\n<meta property=\"og:locale\" content=\"de_DE\" \/>\n<meta property=\"og:type\" content=\"article\" \/>\n<meta property=\"og:title\" content=\"Rollencenter - ImmoNext\" \/>\n<meta property=\"og:description\" content=\"Das nach\u00adste\u00adhen\u00adde Portrait beleuch\u00adtet eini\u00adge der wich\u00adtigs\u00adten Facet\u00adten der Softwarel\u00f6sung ImmoNext.\" \/>\n<meta property=\"og:url\" content=\"https:\/\/immobilienl\u00f6sung.ch\/index.php\/rollencenter\/\" \/>\n<meta property=\"og:site_name\" content=\"ImmoNext\" \/>\n<meta property=\"article:modified_time\" content=\"2023-07-07T11:54:23+00:00\" \/>\n<meta name=\"twitter:card\" content=\"summary_large_image\" \/>\n<meta name=\"twitter:label1\" content=\"Gesch\u00e4tzte Lesezeit\" \/>\n\t<meta name=\"twitter:data1\" content=\"3 Minuten\" \/>\n<script type=\"application\/ld+json\" class=\"yoast-schema-graph\">{\"@context\":\"https:\/\/schema.org\",\"@graph\":[{\"@type\":\"WebPage\",\"@id\":\"https:\/\/immobilienl\u00f6sung.ch\/index.php\/rollencenter\/\",\"url\":\"https:\/\/immobilienl\u00f6sung.ch\/index.php\/rollencenter\/\",\"name\":\"Rollencenter - ImmoNext\",\"isPartOf\":{\"@id\":\"https:\/\/immobilienl\u00f6sung.ch\/index.php\/#website\"},\"datePublished\":\"2023-05-10T08:45:36+00:00\",\"dateModified\":\"2023-07-07T11:54:23+00:00\",\"description\":\"Das nach\u00adste\u00adhen\u00adde Portrait beleuch\u00adtet eini\u00adge der wich\u00adtigs\u00adten Facet\u00adten der Softwarel\u00f6sung ImmoNext.\",\"breadcrumb\":{\"@id\":\"https:\/\/immobilienl\u00f6sung.ch\/index.php\/rollencenter\/#breadcrumb\"},\"inLanguage\":\"de-CH\",\"potentialAction\":[{\"@type\":\"ReadAction\",\"target\":[\"https:\/\/immobilienl\u00f6sung.ch\/index.php\/rollencenter\/\"]}]},{\"@type\":\"BreadcrumbList\",\"@id\":\"https:\/\/immobilienl\u00f6sung.ch\/index.php\/rollencenter\/#breadcrumb\",\"itemListElement\":[{\"@type\":\"ListItem\",\"position\":1,\"name\":\"Home\",\"item\":\"https:\/\/immobilienl\u00f6sung.ch\/index.php\/\"},{\"@type\":\"ListItem\",\"position\":2,\"name\":\"Rollencenter\"}]},{\"@type\":\"WebSite\",\"@id\":\"https:\/\/immobilienl\u00f6sung.ch\/index.php\/#website\",\"url\":\"https:\/\/immobilienl\u00f6sung.ch\/index.php\/\",\"name\":\"ImmoNext\",\"description\":\"software for real-estate\",\"potentialAction\":[{\"@type\":\"SearchAction\",\"target\":{\"@type\":\"EntryPoint\",\"urlTemplate\":\"https:\/\/immobilienl\u00f6sung.ch\/index.php\/?s={search_term_string}\"},\"query-input\":\"required name=search_term_string\"}],\"inLanguage\":\"de-CH\"}]}<\/script>\n<!-- \/ Yoast SEO plugin. -->","yoast_head_json":{"title":"Rollencenter - ImmoNext","description":"Das nach\u00adste\u00adhen\u00adde Portrait beleuch\u00adtet eini\u00adge der wich\u00adtigs\u00adten Facet\u00adten der Softwarel\u00f6sung ImmoNext.","robots":{"index":"index","follow":"follow","max-snippet":"max-snippet:-1","max-image-preview":"max-image-preview:large","max-video-preview":"max-video-preview:-1"},"canonical":"https:\/\/immobilienl\u00f6sung.ch\/index.php\/rollencenter\/","og_locale":"de_DE","og_type":"article","og_title":"Rollencenter - ImmoNext","og_description":"Das nach\u00adste\u00adhen\u00adde Portrait beleuch\u00adtet eini\u00adge der wich\u00adtigs\u00adten Facet\u00adten der Softwarel\u00f6sung ImmoNext.","og_url":"https:\/\/immobilienl\u00f6sung.ch\/index.php\/rollencenter\/","og_site_name":"ImmoNext","article_modified_time":"2023-07-07T11:54:23+00:00","twitter_card":"summary_large_image","twitter_misc":{"Gesch\u00e4tzte Lesezeit":"3 Minuten"},"schema":{"@context":"https:\/\/schema.org","@graph":[{"@type":"WebPage","@id":"https:\/\/immobilienl\u00f6sung.ch\/index.php\/rollencenter\/","url":"https:\/\/immobilienl\u00f6sung.ch\/index.php\/rollencenter\/","name":"Rollencenter - ImmoNext","isPartOf":{"@id":"https:\/\/immobilienl\u00f6sung.ch\/index.php\/#website"},"datePublished":"2023-05-10T08:45:36+00:00","dateModified":"2023-07-07T11:54:23+00:00","description":"Das nach\u00adste\u00adhen\u00adde Portrait beleuch\u00adtet eini\u00adge der wich\u00adtigs\u00adten Facet\u00adten der Softwarel\u00f6sung ImmoNext.","breadcrumb":{"@id":"https:\/\/immobilienl\u00f6sung.ch\/index.php\/rollencenter\/#breadcrumb"},"inLanguage":"de-CH","potentialAction":[{"@type":"ReadAction","target":["https:\/\/immobilienl\u00f6sung.ch\/index.php\/rollencenter\/"]}]},{"@type":"BreadcrumbList","@id":"https:\/\/immobilienl\u00f6sung.ch\/index.php\/rollencenter\/#breadcrumb","itemListElement":[{"@type":"ListItem","position":1,"name":"Home","item":"https:\/\/immobilienl\u00f6sung.ch\/index.php\/"},{"@type":"ListItem","position":2,"name":"Rollencenter"}]},{"@type":"WebSite","@id":"https:\/\/immobilienl\u00f6sung.ch\/index.php\/#website","url":"https:\/\/immobilienl\u00f6sung.ch\/index.php\/","name":"ImmoNext","description":"software for real-estate","potentialAction":[{"@type":"SearchAction","target":{"@type":"EntryPoint","urlTemplate":"https:\/\/immobilienl\u00f6sung.ch\/index.php\/?s={search_term_string}"},"query-input":"required name=search_term_string"}],"inLanguage":"de-CH"}]}},"_links":{"self":[{"href":"https:\/\/immobilienl\u00f6sung.ch\/index.php\/wp-json\/wp\/v2\/pages\/7173"}],"collection":[{"href":"https:\/\/immobilienl\u00f6sung.ch\/index.php\/wp-json\/wp\/v2\/pages"}],"about":[{"href":"https:\/\/immobilienl\u00f6sung.ch\/index.php\/wp-json\/wp\/v2\/types\/page"}],"author":[{"embeddable":true,"href":"https:\/\/immobilienl\u00f6sung.ch\/index.php\/wp-json\/wp\/v2\/users\/2"}],"replies":[{"embeddable":true,"href":"https:\/\/immobilienl\u00f6sung.ch\/index.php\/wp-json\/wp\/v2\/comments?post=7173"}],"version-history":[{"count":11,"href":"https:\/\/immobilienl\u00f6sung.ch\/index.php\/wp-json\/wp\/v2\/pages\/7173\/revisions"}],"predecessor-version":[{"id":7232,"href":"https:\/\/immobilienl\u00f6sung.ch\/index.php\/wp-json\/wp\/v2\/pages\/7173\/revisions\/7232"}],"wp:attachment":[{"href":"https:\/\/immobilienl\u00f6sung.ch\/index.php\/wp-json\/wp\/v2\/media?parent=7173"}],"curies":[{"name":"wp","href":"https:\/\/api.w.org\/{rel}","templated":true}]}}